{"id":76,"date":"2024-12-27T01:01:29","date_gmt":"2024-12-27T01:01:29","guid":{"rendered":"https:\/\/florenmieles.com.ar\/?post_type=product&#038;p=76"},"modified":"2026-01-16T11:27:55","modified_gmt":"2026-01-16T14:27:55","slug":"acacia","status":"publish","type":"product","link":"https:\/\/florenmieles.com.ar\/?product=acacia","title":{"rendered":"Acacia"},"content":{"rendered":"<p>La miel de acacia es una joya natural que se distingue por su suavidad y delicadeza. Proveniente de las flores de la acacia blanca, este n\u00e9ctar puro y cristalino es conocido por su sabor suave y su textura l\u00edquida, que la convierte en la opci\u00f3n perfecta para quienes buscan un endulzante suave y natural para su d\u00eda a d\u00eda.<\/p>\n<ul>\n<li data-start=\"853\" data-end=\"964\">Bajas cantidades de glucosa, lo que la hace apta para quienes buscan una alternativa m\u00e1s saludable al az\u00facar.<\/li>\n<li data-start=\"1045\" data-end=\"1115\">Ideal para calmar la garganta, gracias a sus cualidades suavizantes.<\/li>\n<\/ul>\n","protected":false},"excerpt":{"rendered":"<p>La miel de acacia es una joya natural que se distingue por su suavidad y delicadeza. Proveniente de las flores de la acacia blanca, este n\u00e9ctar puro y cristalino es conocido por su sabor suave y su textura l\u00edquida, que la convierte en la opci\u00f3n perfecta para quienes buscan un endulzante suave y natural para [&hellip;]<\/p>\n","protected":false},"featured_media":24,"comment_status":"open","ping_status":"closed","template":"","meta":[],"product_cat":[17,28,25],"product_tag":[18],"class_list":{"0":"post-76","1":"product","2":"type-product","3":"status-publish","4":"has-post-thumbnail","6":"product_cat-mieles-el-arbol","7":"product_cat-1-kg","8":"product_cat-pvc","9":"product_tag-miel","10":"pa_envase-pvc","11":"pa_peso-1-kg","13":"first","14":"instock","15":"featured","16":"taxable","17":"shipping-taxable","18":"purchasable","19":"product-type-simple"},"_links":{"self":[{"href":"https:\/\/florenmieles.com.ar\/index.php?rest_route=\/wp\/v2\/product\/76"}],"collection":[{"href":"https:\/\/florenmieles.com.ar\/index.php?rest_route=\/wp\/v2\/product"}],"about":[{"href":"https:\/\/florenmieles.com.ar\/index.php?rest_route=\/wp\/v2\/types\/product"}],"replies":[{"embeddable":true,"href":"https:\/\/florenmieles.com.ar\/index.php?rest_route=%2Fwp%2Fv2%2Fcomments&post=76"}],"wp:featuredmedia":[{"embeddable":true,"href":"https:\/\/florenmieles.com.ar\/index.php?rest_route=\/wp\/v2\/media\/24"}],"wp:attachment":[{"href":"https:\/\/florenmieles.com.ar\/index.php?rest_route=%2Fwp%2Fv2%2Fmedia&parent=76"}],"wp:term":[{"taxonomy":"product_cat","embeddable":true,"href":"https:\/\/florenmieles.com.ar\/index.php?rest_route=%2Fwp%2Fv2%2Fproduct_cat&post=76"},{"taxonomy":"product_tag","embeddable":true,"href":"https:\/\/florenmieles.com.ar\/index.php?rest_route=%2Fwp%2Fv2%2Fproduct_tag&post=76"}],"curies":[{"name":"wp","href":"https:\/\/api.w.org\/{rel}","templated":true}]}}