{"id":79,"date":"2024-12-27T01:01:29","date_gmt":"2024-12-27T01:01:29","guid":{"rendered":"https:\/\/florenmieles.com.ar\/?post_type=product&#038;p=79"},"modified":"2025-12-19T23:04:13","modified_gmt":"2025-12-20T02:04:13","slug":"jarilla","status":"publish","type":"product","link":"https:\/\/florenmieles.com.ar\/?product=jarilla","title":{"rendered":"Jarilla"},"content":{"rendered":"<p>Descubre la Miel de Jarilla, un tesoro de las sierras cordobesas. La jarilla es una planta aut\u00f3ctona de las regiones \u00e1ridas y semi\u00e1ridas de Argentina, reconocida por sus m\u00faltiples propiedades y su influencia en la calidad de la miel que producen las abejas a partir de su n\u00e9ctar.<\/p>\n<p>Propiedades de la jarilla:<\/p>\n<p>Antioxidantes naturales: la jarilla es rica en compuestos que protegen el cuerpo contra los radicales libres.<br \/>\nCar\u00e1cter medicinal: se la asocia con beneficios antiinflamatorios y es valorada popularmente por su uso en remedios caseros.<br \/>\nPotencia inmunol\u00f3gica: ayuda a reforzar las defensas naturales del organismo, gracias a sus componentes activos.<\/p>\n","protected":false},"excerpt":{"rendered":"<p>Descubre la Miel de Jarilla, un tesoro de las sierras cordobesas. La jarilla es una planta aut\u00f3ctona de las regiones \u00e1ridas y semi\u00e1ridas de Argentina, reconocida por sus m\u00faltiples propiedades y su influencia en la calidad de la miel que producen las abejas a partir de su n\u00e9ctar. Propiedades de la jarilla: Antioxidantes naturales: la [&hellip;]<\/p>\n","protected":false},"featured_media":48,"comment_status":"open","ping_status":"closed","template":"","meta":[],"product_cat":[17,28,25],"product_tag":[18],"class_list":{"0":"post-79","1":"product","2":"type-product","3":"status-publish","4":"has-post-thumbnail","6":"product_cat-mieles-el-arbol","7":"product_cat-1-kg","8":"product_cat-pvc","9":"product_tag-miel","10":"pa_envase-pvc","11":"pa_peso-1-kg","13":"first","14":"instock","15":"featured","16":"taxable","17":"shipping-taxable","18":"purchasable","19":"product-type-simple"},"_links":{"self":[{"href":"https:\/\/florenmieles.com.ar\/index.php?rest_route=\/wp\/v2\/product\/79"}],"collection":[{"href":"https:\/\/florenmieles.com.ar\/index.php?rest_route=\/wp\/v2\/product"}],"about":[{"href":"https:\/\/florenmieles.com.ar\/index.php?rest_route=\/wp\/v2\/types\/product"}],"replies":[{"embeddable":true,"href":"https:\/\/florenmieles.com.ar\/index.php?rest_route=%2Fwp%2Fv2%2Fcomments&post=79"}],"wp:featuredmedia":[{"embeddable":true,"href":"https:\/\/florenmieles.com.ar\/index.php?rest_route=\/wp\/v2\/media\/48"}],"wp:attachment":[{"href":"https:\/\/florenmieles.com.ar\/index.php?rest_route=%2Fwp%2Fv2%2Fmedia&parent=79"}],"wp:term":[{"taxonomy":"product_cat","embeddable":true,"href":"https:\/\/florenmieles.com.ar\/index.php?rest_route=%2Fwp%2Fv2%2Fproduct_cat&post=79"},{"taxonomy":"product_tag","embeddable":true,"href":"https:\/\/florenmieles.com.ar\/index.php?rest_route=%2Fwp%2Fv2%2Fproduct_tag&post=79"}],"curies":[{"name":"wp","href":"https:\/\/api.w.org\/{rel}","templated":true}]}}